{"id":5565,"date":"2018-03-02T13:09:00","date_gmt":"2018-03-02T11:09:00","guid":{"rendered":"http:\/\/www.idru.ro\/?page_id=5565"},"modified":"2018-03-02T13:27:39","modified_gmt":"2018-03-02T11:27:39","slug":"protectia-datelor","status":"publish","type":"page","link":"http:\/\/www.idru.ro\/?page_id=5565","title":{"rendered":"Protec\u021bia datelor"},"content":{"rendered":"<h3>Protec\u021bia datelor cu caracter personal<\/h3>\n<hr \/>\n<p style=\"text-align: justify;\"><strong>Institutul pentru Dezvoltarea Resurselor Umane este \u00eenscris \u00een Registrul de Eviden\u021b\u0103 al Autorit\u0103\u021bii Na\u021bionale de Supraveghere a Prelucr\u0103rii Datelor cu Caracter Personal Nr. 18904<\/strong>.<\/p>\n<p style=\"text-align: justify;\">Datele cu caracter personal transmise de dumneavoastr\u0103 c\u0103tre noi, \u00een format electronic sau orice alt\u0103 modalitate agreat\u0103 nu vor fi f\u0103cute publice sau transmise unei ter\u021be p\u0103r\u021bi. Ele vor fi prelucrate \u015fi utilizate \u00een orice activit\u0103\u021bi \u015fi scopuri legate de furnizare de servicii, marketing, publicitate \u015fi marketing direct, \u00een conformitate cu legisla\u021bia \u00een vigoare, respectiv Legea 677\/2001.<\/p>\n<p style=\"text-align: justify;\">Pe baza unei cereri scrise, datate \u015fi semnate, expediate pe adresa Institutului pentru Dezvoltarea Resurselor Umane, Mun. Constan\u021ba, Str. I. Ghe. Duca, Nr. 46 sau pe adresa de e-mail office@idru.ro, se pot exercita, \u00een mod gratuit, urm\u0103toarele drepturi:<\/p>\n<ul>\n<li style=\"text-align: justify;\">s\u0103 ob\u0163in\u0103, o dat\u0103 pe an, confirmarea faptului c\u0103 datele sunt sau nu prelucrate;<\/li>\n<li style=\"text-align: justify;\">s\u0103 intervin\u0103 asupra datelor transmise;<\/li>\n<li style=\"text-align: justify;\">s\u0103 se opun\u0103 prelucr\u0103rii datelor pentru motive \u00eentemeiate \u015fi legitime legate de situa\u0163ia particular\u0103 a fiec\u0103rui individ;<\/li>\n<li style=\"text-align: justify;\">s\u0103 se opun\u0103, f\u0103r\u0103 vreo justificare, la prelucrarea datelor \u00een scop de marketing direct.<\/li>\n<\/ul>\n<p>Mai multe detalii &#8211; <a href=\"http:\/\/www.dataprotection.ro\/\" target=\"_blank\" rel=\"noopener\"><strong>Autoritatea Na\u021bional\u0103 de Supraveghere a Prelucr\u0103rii Datelor cu Caracter Personal<\/strong><\/a><\/p>\n","protected":false},"excerpt":{"rendered":"<p>Protec\u021bia datelor cu caracter personal Institutul pentru Dezvoltarea Resurselor Umane este \u00eenscris \u00een Registrul de Eviden\u021b\u0103 al Autorit\u0103\u021bii Na\u021bionale de Supraveghere a Prelucr\u0103rii Datelor cu Caracter Personal Nr. 18904. Datele cu caracter personal transmise de dumneavoastr\u0103 c\u0103tre noi, \u00een format electronic sau orice alt\u0103 modalitate agreat\u0103 nu vor fi f\u0103cute publice sau transmise unei ter\u021be [&hellip;]<\/p>\n","protected":false},"author":4,"featured_media":0,"parent":0,"menu_order":0,"comment_status":"closed","ping_status":"closed","template":"","meta":{"_acf_changed":false,"footnotes":""},"class_list":["post-5565","page","type-page","status-publish","hentry"],"acf":[],"yoast_head":"<!-- This site is optimized with the Yoast SEO plugin v27.3 - https:\/\/yoast.com\/product\/yoast-seo-wordpress\/ -->\n<title>Protec\u021bia datelor - Institutul pentru Dezvoltarea Resurselor Umane<\/title>\n<meta name=\"robots\" content=\"index, follow, max-snippet:-1, max-image-preview:large, max-video-preview:-1\" \/>\n<link rel=\"canonical\" href=\"https:\/\/www.idru.ro\/?page_id=5565\" \/>\n<meta property=\"og:locale\" content=\"ro_RO\" \/>\n<meta property=\"og:type\" content=\"article\" \/>\n<meta property=\"og:title\" content=\"Protec\u021bia datelor - Institutul pentru Dezvoltarea Resurselor Umane\" \/>\n<meta property=\"og:description\" content=\"Protec\u021bia datelor cu caracter personal Institutul pentru Dezvoltarea Resurselor Umane este \u00eenscris \u00een Registrul de Eviden\u021b\u0103 al Autorit\u0103\u021bii Na\u021bionale de Supraveghere a Prelucr\u0103rii Datelor cu Caracter Personal Nr. 18904. Datele cu caracter personal transmise de dumneavoastr\u0103 c\u0103tre noi, \u00een format electronic sau orice alt\u0103 modalitate agreat\u0103 nu vor fi f\u0103cute publice sau transmise unei ter\u021be [&hellip;]\" \/>\n<meta property=\"og:url\" content=\"https:\/\/www.idru.ro\/?page_id=5565\" \/>\n<meta property=\"og:site_name\" content=\"Institutul pentru Dezvoltarea Resurselor Umane\" \/>\n<meta property=\"article:publisher\" content=\"https:\/\/www.facebook.com\/idru.ro\" \/>\n<meta property=\"article:modified_time\" content=\"2018-03-02T11:27:39+00:00\" \/>\n<meta name=\"twitter:label1\" content=\"Timp estimat pentru citire\" \/>\n\t<meta name=\"twitter:data1\" content=\"1 minut\" \/>\n<script type=\"application\/ld+json\" class=\"yoast-schema-graph\">{\"@context\":\"https:\\\/\\\/schema.org\",\"@graph\":[{\"@type\":\"WebPage\",\"@id\":\"https:\\\/\\\/www.idru.ro\\\/?page_id=5565\",\"url\":\"https:\\\/\\\/www.idru.ro\\\/?page_id=5565\",\"name\":\"Protec\u021bia datelor - Institutul pentru Dezvoltarea Resurselor Umane\",\"isPartOf\":{\"@id\":\"https:\\\/\\\/www.idru.ro\\\/#website\"},\"datePublished\":\"2018-03-02T11:09:00+00:00\",\"dateModified\":\"2018-03-02T11:27:39+00:00\",\"breadcrumb\":{\"@id\":\"https:\\\/\\\/www.idru.ro\\\/?page_id=5565#breadcrumb\"},\"inLanguage\":\"ro-RO\",\"potentialAction\":[{\"@type\":\"ReadAction\",\"target\":[\"https:\\\/\\\/www.idru.ro\\\/?page_id=5565\"]}]},{\"@type\":\"BreadcrumbList\",\"@id\":\"https:\\\/\\\/www.idru.ro\\\/?page_id=5565#breadcrumb\",\"itemListElement\":[{\"@type\":\"ListItem\",\"position\":1,\"name\":\"Prima pagin\u0103\",\"item\":\"https:\\\/\\\/www.idru.ro\\\/\"},{\"@type\":\"ListItem\",\"position\":2,\"name\":\"Protec\u021bia datelor\"}]},{\"@type\":\"WebSite\",\"@id\":\"https:\\\/\\\/www.idru.ro\\\/#website\",\"url\":\"https:\\\/\\\/www.idru.ro\\\/\",\"name\":\"Institutul pentru Dezvoltarea Resurselor Umane\",\"description\":\"www.idru.ro\",\"potentialAction\":[{\"@type\":\"SearchAction\",\"target\":{\"@type\":\"EntryPoint\",\"urlTemplate\":\"https:\\\/\\\/www.idru.ro\\\/?s={search_term_string}\"},\"query-input\":{\"@type\":\"PropertyValueSpecification\",\"valueRequired\":true,\"valueName\":\"search_term_string\"}}],\"inLanguage\":\"ro-RO\"}]}<\/script>\n<!-- \/ Yoast SEO plugin. -->","yoast_head_json":{"title":"Protec\u021bia datelor - Institutul pentru Dezvoltarea Resurselor Umane","robots":{"index":"index","follow":"follow","max-snippet":"max-snippet:-1","max-image-preview":"max-image-preview:large","max-video-preview":"max-video-preview:-1"},"canonical":"https:\/\/www.idru.ro\/?page_id=5565","og_locale":"ro_RO","og_type":"article","og_title":"Protec\u021bia datelor - Institutul pentru Dezvoltarea Resurselor Umane","og_description":"Protec\u021bia datelor cu caracter personal Institutul pentru Dezvoltarea Resurselor Umane este \u00eenscris \u00een Registrul de Eviden\u021b\u0103 al Autorit\u0103\u021bii Na\u021bionale de Supraveghere a Prelucr\u0103rii Datelor cu Caracter Personal Nr. 18904. Datele cu caracter personal transmise de dumneavoastr\u0103 c\u0103tre noi, \u00een format electronic sau orice alt\u0103 modalitate agreat\u0103 nu vor fi f\u0103cute publice sau transmise unei ter\u021be [&hellip;]","og_url":"https:\/\/www.idru.ro\/?page_id=5565","og_site_name":"Institutul pentru Dezvoltarea Resurselor Umane","article_publisher":"https:\/\/www.facebook.com\/idru.ro","article_modified_time":"2018-03-02T11:27:39+00:00","twitter_misc":{"Timp estimat pentru citire":"1 minut"},"schema":{"@context":"https:\/\/schema.org","@graph":[{"@type":"WebPage","@id":"https:\/\/www.idru.ro\/?page_id=5565","url":"https:\/\/www.idru.ro\/?page_id=5565","name":"Protec\u021bia datelor - Institutul pentru Dezvoltarea Resurselor Umane","isPartOf":{"@id":"https:\/\/www.idru.ro\/#website"},"datePublished":"2018-03-02T11:09:00+00:00","dateModified":"2018-03-02T11:27:39+00:00","breadcrumb":{"@id":"https:\/\/www.idru.ro\/?page_id=5565#breadcrumb"},"inLanguage":"ro-RO","potentialAction":[{"@type":"ReadAction","target":["https:\/\/www.idru.ro\/?page_id=5565"]}]},{"@type":"BreadcrumbList","@id":"https:\/\/www.idru.ro\/?page_id=5565#breadcrumb","itemListElement":[{"@type":"ListItem","position":1,"name":"Prima pagin\u0103","item":"https:\/\/www.idru.ro\/"},{"@type":"ListItem","position":2,"name":"Protec\u021bia datelor"}]},{"@type":"WebSite","@id":"https:\/\/www.idru.ro\/#website","url":"https:\/\/www.idru.ro\/","name":"Institutul pentru Dezvoltarea Resurselor Umane","description":"www.idru.ro","potentialAction":[{"@type":"SearchAction","target":{"@type":"EntryPoint","urlTemplate":"https:\/\/www.idru.ro\/?s={search_term_string}"},"query-input":{"@type":"PropertyValueSpecification","valueRequired":true,"valueName":"search_term_string"}}],"inLanguage":"ro-RO"}]}},"post_mailing_queue_ids":[],"_links":{"self":[{"href":"http:\/\/www.idru.ro\/index.php?rest_route=\/wp\/v2\/pages\/5565","targetHints":{"allow":["GET"]}}],"collection":[{"href":"http:\/\/www.idru.ro\/index.php?rest_route=\/wp\/v2\/pages"}],"about":[{"href":"http:\/\/www.idru.ro\/index.php?rest_route=\/wp\/v2\/types\/page"}],"author":[{"embeddable":true,"href":"http:\/\/www.idru.ro\/index.php?rest_route=\/wp\/v2\/users\/4"}],"replies":[{"embeddable":true,"href":"http:\/\/www.idru.ro\/index.php?rest_route=%2Fwp%2Fv2%2Fcomments&post=5565"}],"version-history":[{"count":2,"href":"http:\/\/www.idru.ro\/index.php?rest_route=\/wp\/v2\/pages\/5565\/revisions"}],"predecessor-version":[{"id":5569,"href":"http:\/\/www.idru.ro\/index.php?rest_route=\/wp\/v2\/pages\/5565\/revisions\/5569"}],"wp:attachment":[{"href":"http:\/\/www.idru.ro\/index.php?rest_route=%2Fwp%2Fv2%2Fmedia&parent=5565"}],"curies":[{"name":"wp","href":"https:\/\/api.w.org\/{rel}","templated":true}]}}